{"id":4883,"date":"2020-01-19T17:32:16","date_gmt":"2020-01-19T20:32:16","guid":{"rendered":"http:\/\/peachpuff-mule-733607.hostingersite.com\/?page_id=4883"},"modified":"2023-05-31T14:16:13","modified_gmt":"2023-05-31T17:16:13","slug":"curso-de-equitacao-e-hipismo-com-base-no-horsemanship","status":"publish","type":"page","link":"https:\/\/peachpuff-mule-733607.hostingersite.com\/pt\/curso-de-equitacao-e-hipismo-com-base-no-horsemanship\/","title":{"rendered":"Equita\u00e7\u00e3o e Hipismo com base no Horsemanship"},"content":{"rendered":"<p><section class=\"fw-main-row  ls section_padding_top_50 section_padding_bottom_50 columns_padding_15\" >\r\n\t<h3 class=\"hidden\">69ebe4b79c772<\/h3>\r\n\t\t\t<div class=\"container\">\r\n\t\t<div class=\"row\">\r\n\t\t\t<div class=\"col-xs-12 col-md-6\"  >\r\n\t<img loading=\"lazy\" decoding=\"async\" src=\"https:\/\/peachpuff-mule-733607.hostingersite.com\/wp-content\/uploads\/2022\/08\/Aula-2406-EEERSM-91-400x400.jpg\" alt=\"https:\/\/peachpuff-mule-733607.hostingersite.com\/wp-content\/uploads\/2022\/08\/Aula-2406-EEERSM-91-400x400.jpg\" width=\"400\" height=\"400\" \/><\/div>\r\n<div class=\"col-xs-12 col-md-6\"  >\r\n\t<div class=\"special-heading text-left\">\r\n\t<h4 class=\"section_header margin_0\">\r\n\t<span class=\"semibold text-transform-none\">\r\n\t\tCurso de Equita\u00e7\u00e3o e Hipismo com base no Horsemanship\t<\/span>\r\n\t<\/h4>\r\n<\/div>\r\n\r\n\t<div class=\"fw-divider-space\" style=\"margin-top: 50px;\"><\/div>\r\n\r\n<div class=\"text-block\">\r\n\t<p>Miss\u00e3o da Escola de Educa\u00e7\u00e3o Equestre do Rancho S\u00e3o Miguel<br \/>Promover a educa\u00e7\u00e3o e a equita\u00e7\u00e3o baseado em respeito ao bem-estar do cavalo, (horsemanship) \u2013 cultivando valores como respeito \u2013 fraternidade \u2013 coopera\u00e7\u00e3o \u2013 hist\u00f3ria \u2013 e promover o desenvolvimento emocional \u2013 a auto confian\u00e7a \u2013 centralidade e auto conhecimento dos praticantes<br \/>Programas da Escola de Equita\u00e7\u00e3o do RSM<br \/>Bem-vindo \u00e0 nossa Academia de Equita\u00e7\u00e3o<br \/>Queremos com nossos diferenciais ser um centro de excel\u00eancia equestre  fundado no respeito ao bem estar animal e na compreens\u00e3o da natureza do cavalo.<\/p><p>Apresentamos a voc\u00eas pais, m\u00e3es, respons\u00e1veis e praticantes nosso curr\u00edculo educacional que consiste em conhecimentos de equita\u00e7\u00e3o, teoria e pr\u00e1tica (gest\u00e3o est\u00e1vel) durante o segundo semestre 2023. O curr\u00edculo ir\u00e1 treinar os alunos para serem cavaleiros e amazonas diferenciados na modalidade que escolherem ap\u00f3s o curso b\u00e1sico <\/p><\/div>\r\n<\/div>\r\n<div class=\"col-xs-12\"  >\r\n\t\r\n\t<div class=\"fw-divider-space\" style=\"margin-top: 50px;\"><\/div>\r\n<div class=\"text-block\">\r\n\t<p>Atualmente, oferecemos 5 (cinco) programas de equita\u00e7\u00e3o diferentes:<br \/><strong>Passeio a cavalo infantil:<\/strong> Faixa et\u00e1ria: 5 a 8 anos em 2023<br \/>Este programa \u00e9 composto por 8 aulas mensais \u00e9 uma introdu\u00e7\u00e3o baseada em Equita\u00e7\u00e3o L\u00fadica e intera\u00e7\u00e3o com os cavalos.<br \/>Desenvolve o equil\u00edbrio, a coordena\u00e7\u00e3o e incentiva as crian\u00e7as a se sentirem confort\u00e1veis ao redor dos cavalos.<br \/>Cada sess\u00e3o de equita\u00e7\u00e3o tem 30 minutos de dura\u00e7\u00e3o.<br \/>As crian\u00e7as t\u00eam a op\u00e7\u00e3o de montar no s\u00e1bado pela manh\u00e3  - ter\u00e7a ou quinta-feira. Os hor\u00e1rios das aulas s\u00e3o por ordem de chegada, no entanto, os pais t\u00eam a op\u00e7\u00e3o de escolher entre os seguintes hor\u00e1rios:<br \/>9:30 \u2013 10:00 \u2013 10:30<br \/>Valor mensal: R$ 520,00<br \/>Local: Pista de trabalho do RSM (portaria 2) do Rancho (final da estrada)<br \/>*As taxas devem ser pagas integralmente no momento da inscri\u00e7\u00e3o para as aulas do mes que se iniciaInscreva-se agora<\/p><p><strong>Programa Escola de Equita\u00e7\u00e3o para alunos de 8 a 14 anos:<\/strong><br \/>Este programa \u00e9 composto por 08 aulas de equita\u00e7\u00e3o por m\u00eas em grupos. Cada aula de equita\u00e7\u00e3o tem 60 minutos de dura\u00e7\u00e3o. Os alunos tamb\u00e9m recebem aulas pr\u00e1ticas com fundamentos da equita\u00e7\u00e3o e das modalidades equestres. Recebem apostila em pdf<br \/>Estas aulas acontecem aos domingos pela manh\u00e3 a partir das 9:30  e 10:30 em classes de 3 praticantes<br \/>Taxas de inscri\u00e7\u00e3o mensalidade: R$ 640,00.<br \/>*As taxas devem ser pagas integralmente no momento da inscri\u00e7\u00e3o  <\/p><p><strong>Aulas de Equita\u00e7\u00e3o Avulsas<\/strong><br \/>Esta sess\u00e3o \u00fanica de equita\u00e7\u00e3o destina-se a fornecer uma introdu\u00e7\u00e3o \u00e0 equita\u00e7\u00e3o antes de se inscrever para o Programa Mensal da Academia de Equita\u00e7\u00e3o.<br \/>Os hor\u00e1rios das aulas para esta sess\u00e3o s\u00e3o realizados apenas durante o hor\u00e1rio da manh\u00e3, entre 8h30 e 9:30 aos s\u00e1bados ou  quinta-feira, durante 45 minutos.<br \/>Taxa: R$ 150<br \/>*As taxas devem ser pagas integralmente no momento da inscri\u00e7\u00e3o e s\u00e3o n\u00e3o reembols\u00e1veis ou intransfer\u00edveis.<\/p><p><strong>Aulas em Grupo para Adultos:<\/strong><br \/>Alunos acima de 16 anos podem se inscrever para at\u00e9 08 aulas de equita\u00e7\u00e3o por m\u00eas em grupos de 3 praticantes. Cada aula tem dura\u00e7\u00e3o de 60 minutos. Os alunos tamb\u00e9m recebem aulas pr\u00e1ticas opcionais sobre equipamentos, manejo, comportamento equino e aulas te\u00f3ricas.<br \/>Taxas de inscri\u00e7\u00e3o: R$ 640,00  e mensalidades: R$ 1200,00.<br \/>*As taxas devem ser pagas integralmente no momento da inscri\u00e7\u00e3o e n\u00e3o s\u00e3o reembols\u00e1veis.<br \/>reva-se agora<br \/><strong>Aulas particulares para adultos:<\/strong><br \/>Aulas particulares de equita\u00e7\u00e3o est\u00e3o dispon\u00edveis para adultos com 18 anos ou mais. Ser\u00e3o 08 sess\u00f5es por m\u00eas para aulas de equita\u00e7\u00e3o com aten\u00e7\u00e3o exclusiva para trabalhar temas e situa\u00e7\u00f5es espec\u00edficas que necessitem. Al\u00e9m das aulas te\u00f3ricas, os alunos ter\u00e3o aulas pr\u00e1ticas<br \/>As sess\u00f5es de equita\u00e7\u00e3o s\u00e3o dadas durante o hor\u00e1rio da tarde, durante a semana das 15:00 \u00e0s 16:00, durante 60 minutos.<br \/> Taxas de inscri\u00e7\u00e3o: R$ 800,00 e mensalidades: R$ 840,00<br \/>*As taxas devem ser pagas integralmente no momento da inscri\u00e7\u00e3o e n\u00e3o s\u00e3o reembols\u00e1veis em caso de faltas<br \/>ra<br \/><strong>Programa Ladies\/Amazonas (Faixa Et\u00e1ria: 16 anos ou mais)<\/strong><br \/>Este \u00e9 um programa exclusivo que \u00e9 oferecido com monitoria feminina e s\u00f3 alunas na pista. Este programa oferece aulas de equita\u00e7\u00e3o para mulheres com idade igual ou superior a 16 anos. Por meio do programa, as alunas recebem 08 aulas de equita\u00e7\u00e3o por m\u00eas em grupos. Cada aula tem 45 minutos de dura\u00e7\u00e3o.<br \/>Os hor\u00e1rios das aulas para esta sess\u00e3o s\u00e3o realizados das 14h30 \u00e0s 15h45  aos s\u00e1bados e das 16:00 \u00e0s 16:45 \u00e0s quartas feiras<br \/>Nossas aulas s\u00e3o por ordem de chegada.<br \/>Taxas de inscri\u00e7\u00e3o:  R$ 520,00 e mensalidades: R$  720,00.<br \/>*As taxas devem ser pagas integralmente no momento da inscri\u00e7\u00e3o Inscreva-se agora<br \/><strong>Programa de Terapia Assistida por Equinos - 2023<\/strong><br \/>O Programa de Terapia Assistida por Equinos \u00e9 um programa especializado para crian\u00e7as com Transtorno do Espectro Autista. As crian\u00e7as que participarem do programa experimentar\u00e3o melhorias em \u00e1reas como intera\u00e7\u00f5es sociais, comunica\u00e7\u00e3o, habilidades motoras, emo\u00e7\u00f5es positivas e sua capacidade de gerenciar o estresse.<br \/>As sess\u00f5es decorrer\u00e3o todos os dias  da semana, das 9h00 \u00e0s 15h00 e est\u00e3o abertas as inscri\u00e7\u00f5es para crian\u00e7as dos 3 aos 14 anos<br \/>Local: redondel da sede do RSM<br \/>Inscreva-se agora<\/p><p><strong>Os programas da Escola de Educa\u00e7\u00e3o Equestre - Equita\u00e7\u00e3o \u2013Horsemanship seguem um curr\u00edculo que \u00e9 dividido em diferentes n\u00edveis<\/strong><\/p><p>1. N\u00edvel de Rec\u00e9m-Chegado<br \/>2. N\u00edveis Iniciantes 1 e 2,<br \/>3. N\u00edveis Intermedi\u00e1rios 1,2 e 3,<br \/>4. N\u00edvel Avan\u00e7ado 1 <\/p><p><strong>1, N\u00edvel Rec\u00e9m-chegado<\/strong><br \/>Este n\u00edvel \u00e9 adaptado para alunos que nunca montaram um cavalo antes. Este n\u00edvel \u00e9 a base para desenvolver as habilidades de equita\u00e7\u00e3o do aluno. Os alunos desenvolvem habilidades essenciais, como assento, equil\u00edbrio, postura, capacidade de montar e desmontar, dirigir e construir confian\u00e7a na condu\u00e7\u00e3o do cavalo. <em>O tempo estimado para completar este n\u00edvel \u00e9 de 1 m\u00eas, <\/em>no entanto, pode variar dependendo de cada praticante.<\/p><p><strong>2. N\u00edveis Iniciantes 1 e 2<\/strong><br \/>Este n\u00edvel \u00e9 projetado para solidificar as habilidades b\u00e1sicas do aluno e melhorar sua capacidade de usar comandos de pernas, assentos e r\u00e9deas. Os alunos aprender\u00e3o mais habilidades que auxiliam sua equita\u00e7\u00e3o, incluindo; transi\u00e7\u00e3o dos andamentos a passo, trote e trote elevado, andar em caminhada e trote e canter em grupo, andar com meia parada, figuras escolares simples, uso correto de comandos\/auxiliares e aumentar o equil\u00edbrio e a capacidade de manter boas posturas. <em>Tempo estimado para completar este n\u00edvel: 4 a 6 meses por n\u00edvel.<\/em><\/p><p><strong>3. N\u00edveis Intermedi\u00e1rios 1, 2 e 3<\/strong><br \/>O N\u00edvel Intermedi\u00e1rio \u00e9 destinado a trazer \u00e0 tona o ensino superior relacionado ao salto e adestramento. Os alunos come\u00e7am sua jornada de showjumping 0,60, 0,80m  0,90m neste n\u00edvel, bem como aprimoram seu trabalho plano em prepara\u00e7\u00e3o para a futura especializa\u00e7\u00e3o em showjumping ou adestramento. \u00c0 medida que o aluno passa de um n\u00edvel para o outro, as sess\u00f5es de treinamento se tornar\u00e3o mais t\u00e9cnicas e intensas para prepar\u00e1-lo para os n\u00edveis avan\u00e7ados. <em>Tempo estimado para completar este n\u00edvel: 1 ano (6 meses a 1 ano por n\u00edvel).<\/em><\/p><p><strong>4. N\u00edvel Avan\u00e7ado 1 <\/strong><br \/>Os alunos podem escolher a disciplina (hipismo\/salto ou modalidades  western) em que gostariam de se especializar neste n\u00edvel. Os alunos ser\u00e3o treinados para montar n\u00edveis mais altos de salto, ou r\u00e9deas e treino de 3T. Este n\u00edvel \u00e9 projetado para preparar os alunos para competir em competi\u00e7\u00f5es locais. <em>Tempo estimado para completar este n\u00edvel: 1 ano (1 a 2 anos por n\u00edvel).<\/em><\/p><p><strong>Seguran\u00e7a<\/strong><br \/>\u2022         Os alunos devem estar sempre atentos \u00e0s suas a\u00e7\u00f5es em torno dos cavalos. Os alunos nunca devem realizar gestos bruscos, agitar-se, gritar ao se aproximar de cavalos de sua retaguarda, tanto na pista quanto nos est\u00e1bulos.<br \/>\u2022         H\u00e1 riscos envolvidos em montar e interagir com cavalos. Os cavalos podem reagir a movimentos ou sons agudos. Portanto, os alunos devem seguir todas as instru\u00e7\u00f5es dadas pela equipe designada para sua pr\u00f3pria seguran\u00e7a.<br \/>\u2022         O instrutor ou a Administra\u00e7\u00e3o de Educa\u00e7\u00e3o de Equinos podem recusar o pedido dos alunos para montar ou realizar a\u00e7\u00f5es fora do programa por raz\u00f5es de seguran\u00e7a ou operacionais.<br \/>\u2022         Os alunos s\u00e3o respons\u00e1veis por todos os seus itens pessoais e o Rancho n\u00e3o ser\u00e1 respons\u00e1vel por perdas ou danos a esses itens.<br \/>\u2022         Os alunos que se encontram em uma situa\u00e7\u00e3o insegura ou n\u00e3o s\u00e3o experientes o suficiente para resolver o problema, devem avisar seu instrutor imediatamente em sua chegada antes de montar.<br \/>C\u00f3digo de Conduta<br \/>Os alunos que ingressarem na academia, devem aderir ao nosso c\u00f3digo de conduta de respeito ao bem estar animal. Isso \u00e9 para garantir a seguran\u00e7a deles, bem como a de seus colegas:<br \/>\u2022         Espera-se que os alunos cheguem e estejam prontos para suas aulas em tempo h\u00e1bil. Os alunos devem apresentar-se no m\u00ednimo 10 minutos antes do in\u00edcio da aula para evitar interrup\u00e7\u00f5es ou atrasos.<br \/>\u2022         Nenhum aluno poder\u00e1 participar de uma aula se chegar depois de 15 minutos ap\u00f3s o hor\u00e1rio previsto para o in\u00edcio da aula e neste caso o tempo perdido nao ser\u00e1 reposto ao final da aula.<br \/>\u2022         Todos os alunos devem ter um comportamento respeitoso para com seus instrutores e todos os funcion\u00e1rios.<br \/>\u2022         Qualquer agress\u00e3o ou abuso dirigido \u00e0 equipe,  colegas ou cavalos n\u00e3o ser\u00e1 tolerado.<br \/>\u2022         C\u00f3digo de vestimenta a ser seguido para cada classe:<br \/>o  Camisa ou camiseta polo, cal\u00e7a jeans ou culote<br \/>o Botas de equita\u00e7\u00e3o longas ou curtas<br \/>o Capacete de equita\u00e7\u00e3o com normas de seguran\u00e7a aprovadas<br \/>o  Luvas de equita\u00e7\u00e3o s\u00e3o opcionais<br \/>o Protetor corporal  colete cervical para menores de 14 anos<br \/>\u2022         Os pais n\u00e3o podem dar instru\u00e7\u00f5es a seus filhos do lado de fora da arena ou causar transtornos de qualquer tipo durante a aula. Se os pais tiverem d\u00favidas ou preocupa\u00e7\u00f5es, eles podem discuti-las com o instrutor antes do in\u00edcio da aula ou no final da aula.<br \/>\u2022         Nenhum aluno deve ser montado sozinho em um cavalo, a menos que o instrutor d\u00ea permiss\u00e3o para faz\u00ea-lo.<br \/>\u2022         Os alunos devem sempre manusear todos os cavalos e equipamentos com o m\u00e1ximo de cuidado e respeito.<br \/>\u2022         N\u00e3o \u00e9 permitido gritar ou correr alto dentro e ao redor das baias ou pista<br \/>\u2022         Em caso de qualquer emerg\u00eancia, os alunos devem se comunicar com um instrutor\/membro da equipe imediatamente como seu principal ponto focal.<br \/>\u2022         O n\u00e3o cumprimento do c\u00f3digo de conduta resultar\u00e1 em a\u00e7\u00e3o disciplinar e poder\u00e1 resultar em suspens\u00e3o ou expuls\u00e3o permanente se as infra\u00e7\u00f5es forem repetidas.<\/p><\/div>\r\n<\/div>\r\n<div class=\"col-xs-12 col-md-8 ds\"  >\r\n\t\t<div class=\"padding_10\">\r\n\t\t<div class=\"special-heading text-left\">\r\n\t<h3 class=\"section_header margin_0\">\r\n\t<span class=\"semibold text-transform-none\">\r\n\t\tMaterial Necess\u00e1rio\t<\/span>\r\n\t<\/h3>\r\n<\/div>\r\n\r\n\t<div class=\"fw-divider-space\" style=\"margin-top: 50px;\"><\/div>\r\n<div class=\"text-block\">\r\n\t<ul><li><span style=\"font-weight: 400;\">Bota<\/span><\/li><li><span style=\"font-weight: 400;\">Culote ou Cal\u00e7a jeans confort\u00e1vel<\/span><\/li><li><span style=\"font-weight: 400;\">Capacete-Chap\u00e9u ou bon\u00e9<\/span><\/li><li><span style=\"font-weight: 400;\">Camisa do Uniforme da Escola<\/span><\/li><li><span style=\"font-weight: 400;\">Capa para chuva<\/span><\/li><li><span style=\"font-weight: 400;\">Protetor solar para rosto e bra\u00e7os<\/span><\/li><li><span style=\"font-weight: 400;\">Colete de prote\u00e7\u00e3o (opcional e pessoal)<\/span><\/li><\/ul><\/div>\r\n\t<\/div>\r\n<\/div>\r\n<div class=\"col-xs-12 col-md-2\"  >\r\n\t<\/div>\r\n<div class=\"col-xs-12 col-md-2\"  >\r\n\t<\/div>\r\n\t\t<\/div>\r\n\t<\/div>\r\n<\/section>\r\n<\/p>","protected":false},"excerpt":{"rendered":"<p>69ebe4b79ed81 Curso de Equita\u00e7\u00e3o e Hipismo com base no Horsemanship Miss\u00e3o da Escola de Educa\u00e7\u00e3o Equestre do Rancho S\u00e3o MiguelPromover<\/p>","protected":false},"author":1,"featured_media":8297,"parent":0,"menu_order":0,"comment_status":"closed","ping_status":"closed","template":"page-templates\/full-width.php","meta":{"footnotes":""},"class_list":["post-4883","page","type-page","status-publish","has-post-thumbnail","hentry"],"jetpack_sharing_enabled":true,"_links":{"self":[{"href":"https:\/\/peachpuff-mule-733607.hostingersite.com\/pt\/wp-json\/wp\/v2\/pages\/4883","targetHints":{"allow":["GET"]}}],"collection":[{"href":"https:\/\/peachpuff-mule-733607.hostingersite.com\/pt\/wp-json\/wp\/v2\/pages"}],"about":[{"href":"https:\/\/peachpuff-mule-733607.hostingersite.com\/pt\/wp-json\/wp\/v2\/types\/page"}],"author":[{"embeddable":true,"href":"https:\/\/peachpuff-mule-733607.hostingersite.com\/pt\/wp-json\/wp\/v2\/users\/1"}],"replies":[{"embeddable":true,"href":"https:\/\/peachpuff-mule-733607.hostingersite.com\/pt\/wp-json\/wp\/v2\/comments?post=4883"}],"version-history":[{"count":24,"href":"https:\/\/peachpuff-mule-733607.hostingersite.com\/pt\/wp-json\/wp\/v2\/pages\/4883\/revisions"}],"predecessor-version":[{"id":8306,"href":"https:\/\/peachpuff-mule-733607.hostingersite.com\/pt\/wp-json\/wp\/v2\/pages\/4883\/revisions\/8306"}],"wp:featuredmedia":[{"embeddable":true,"href":"https:\/\/peachpuff-mule-733607.hostingersite.com\/pt\/wp-json\/wp\/v2\/media\/8297"}],"wp:attachment":[{"href":"https:\/\/peachpuff-mule-733607.hostingersite.com\/pt\/wp-json\/wp\/v2\/media?parent=4883"}],"curies":[{"name":"wp","href":"https:\/\/api.w.org\/{rel}","templated":true}]}}